{"id":17,"date":"2018-04-08T08:13:20","date_gmt":"2018-04-08T08:13:20","guid":{"rendered":"https:\/\/demo.afthemes.com\/elegant-magazine-pro\/?page_id=17"},"modified":"2024-02-06T09:24:15","modified_gmt":"2024-02-06T15:24:15","slug":"home","status":"publish","type":"page","link":"https:\/\/periodiconuevomilenio.com\/","title":{"rendered":"Celebran el d\u00eda de la mujer en Yuriria"},"content":{"rendered":"\n<p>El d\u00eda de la mujer es una fecha para recordar los a\u00f1os de lucha en pro de la igualdad y la justicia para las mujeres; para honrar a las mujeres que han <a><\/a>hecho posibles estos avances y para invitar a la reflexi\u00f3n sobre las desigualdades persistentes y el camino que queda por recorrer.<\/p>\n\n\n\n<p>Este D\u00eda internacional se conmemora alrededor del mundo para hacer conciencia sobre la importancia de empoderar a las mujeres en todos los entornos, proteger sus derechos y garantizar que \u00e9stas puedan alcanzar todo su potencial; de igual forma sirve para visibilizar la desigualdad y discriminaci\u00f3n que a\u00fan viven las muieres en todo el mundo, y as\u00ed incrementar la presencia de las mujeres en puestos de liderazgo<\/p>\n\n\n\n<p>\u201cTodas y cada una de nosotras podemos ser l\u00edderes y apoyar a otras para lograrlo\u00bb<\/p>\n\n\n\n<figure class=\"wp-block-gallery has-nested-images columns-default is-cropped wp-block-gallery-1 is-layout-flex wp-block-gallery-is-layout-flex\">\n<figure class=\"wp-block-image size-large\"><img loading=\"lazy\" decoding=\"async\" width=\"720\" height=\"540\" data-id=\"1120\" src=\"https:\/\/periodiconuevomilenio.com\/wp-content\/uploads\/2023\/03\/335132567_1852344865130529_8274292572279876932_n.jpg\" alt=\"\" class=\"wp-image-1120\" srcset=\"https:\/\/periodiconuevomilenio.com\/wp-content\/uploads\/2023\/03\/335132567_1852344865130529_8274292572279876932_n.jpg 720w, https:\/\/periodiconuevomilenio.com\/wp-content\/uploads\/2023\/03\/335132567_1852344865130529_8274292572279876932_n-300x225.jpg 300w\" sizes=\"auto, (max-width: 720px) 100vw, 720px\" \/><\/figure>\n<\/figure>\n","protected":false},"excerpt":{"rendered":"<p>El d\u00eda de la mujer es una fecha para recordar los a\u00f1os de lucha en pro de la<\/p>\n","protected":false},"author":1,"featured_media":1120,"parent":0,"menu_order":0,"comment_status":"closed","ping_status":"closed","template":"","meta":{"jetpack_post_was_ever_published":false,"footnotes":""},"class_list":["post-17","page","type-page","status-publish","has-post-thumbnail","hentry"],"jetpack_sharing_enabled":true,"_links":{"self":[{"href":"https:\/\/periodiconuevomilenio.com\/index.php\/wp-json\/wp\/v2\/pages\/17","targetHints":{"allow":["GET"]}}],"collection":[{"href":"https:\/\/periodiconuevomilenio.com\/index.php\/wp-json\/wp\/v2\/pages"}],"about":[{"href":"https:\/\/periodiconuevomilenio.com\/index.php\/wp-json\/wp\/v2\/types\/page"}],"author":[{"embeddable":true,"href":"https:\/\/periodiconuevomilenio.com\/index.php\/wp-json\/wp\/v2\/users\/1"}],"replies":[{"embeddable":true,"href":"https:\/\/periodiconuevomilenio.com\/index.php\/wp-json\/wp\/v2\/comments?post=17"}],"version-history":[{"count":2,"href":"https:\/\/periodiconuevomilenio.com\/index.php\/wp-json\/wp\/v2\/pages\/17\/revisions"}],"predecessor-version":[{"id":1121,"href":"https:\/\/periodiconuevomilenio.com\/index.php\/wp-json\/wp\/v2\/pages\/17\/revisions\/1121"}],"wp:featuredmedia":[{"embeddable":true,"href":"https:\/\/periodiconuevomilenio.com\/index.php\/wp-json\/wp\/v2\/media\/1120"}],"wp:attachment":[{"href":"https:\/\/periodiconuevomilenio.com\/index.php\/wp-json\/wp\/v2\/media?parent=17"}],"curies":[{"name":"wp","href":"https:\/\/api.w.org\/{rel}","templated":true}]}}